{"id":1255,"date":"2017-05-02T14:31:31","date_gmt":"2017-05-02T12:31:31","guid":{"rendered":"https:\/\/notfall-id.de\/?page_id=1255\/"},"modified":"2018-03-02T15:34:39","modified_gmt":"2018-03-02T14:34:39","slug":"disclaimer","status":"publish","type":"page","link":"https:\/\/notfall-id.de\/en\/disclaimer\/","title":{"rendered":"Disclaimer"},"content":{"rendered":"<p><strong>Revocation instruction<\/strong><br \/>\nVerbraucher ist jede nat\u00fcrliche Person, die ein Rechtsgesch\u00e4ft zu Zwecken abschlie\u00dft, die \u00fcberwiegend weder ihrer gewerblichen noch ihrer selbst\u00e4ndigen beruflichen T\u00e4tigkeit zugerechnet werden k\u00f6nnen.<\/p>\n<p><strong>Right of revocation<\/strong><br \/>\nYou have the right to revoke this contract within a period of fourteen days without giving reasons. The period of revocation shall be fourteen days from the date on which you or a third party you designate, which is not the carrier, has or has taken possession of the goods. In order to exercise your right of revocation, you must inform us (Michael Kania, Kleiststr.33 46242 Bottrop, phone: 02041- 697719, E-Mail: info@notfall-id.de) by means of a clear declaration (eg a letter sent by post Or e-mail) about your decision to revoke this contract. You can use the enclosed sample revocation form, but this is not required. In order to keep the revocation period, it is sufficient that you send the notification of the exercise of the right of revocation before the end of the revocation period.<\/p>\n<p><strong>Consequences of revocation<\/strong><br \/>\nIf you revoke this Agreement, we will pay you all the payments we have received from you, including the cost of delivery (except for the additional costs resulting from the fact that you have chosen a different type of delivery than the most favorable standard delivery offered by us ) Within a period of fourteen days from the date on which the notice of revocation of this contract has been received by us. For such repayment, we will use the same means of payment you have used in the original transaction, unless you have expressly agreed otherwise; In no case will you be charged for these repayment fees. We may refuse the refund until we have recovered the goods or until you have demonstrated that you have returned the goods, whichever is earlier. You must return the goods to us immediately or in any case no later than fourteen days from the date on which you inform us of the revocation of this contract. The deadline is respected if you send the goods before the end of the deadline of 14 days.<br \/>\nThey bear the direct costs of returning the goods.<br \/>\nThey shall only be liable for any loss in value of the goods if this loss in value is attributable to a handling which is not necessary for the purpose of checking the quality, characteristics and functioning of the goods.<\/p>\n<p>&nbsp;<\/p>\n<p><strong>Sample Revocation Form<\/strong><em><br \/>\n<\/em>(If you want to revoke the contract, please fill out this form and return it.)<em><br \/>\n&#8211; To Michael Kania Kleiststr.33 Kleiststr.33 46242 Bottrop Email: info@notfall-id.de<br \/>\n&#8211; I \/ we (*) hereby revoke the contract concluded by me \/ us (*) for the purchase of the following goods (*) \/ the provision of the following service (*):<br \/>\n&#8211; Appointed on (*) \/ received on (*)<br \/>\n&#8211; name of the consumer (s)<br \/>\n&#8211; Address of the consumer (s)<br \/>\n&#8211; Signature of the consumer (s) (only in the case of a communication on paper)<br \/>\n&#8211; Date<br \/>\n&#8212;&#8212;&#8212;&#8212;&#8212;&#8212;&#8212;&#8212;&#8212;&#8212;&#8212;&#8212;&#8212;<br \/>\n(*) Delete as appropriate.<\/em><\/p>\n<p><strong> Exclusion or early withdrawal of revocation<\/strong><em><br \/>\n<\/em>The right of revocation does not exist with contracts<br \/>\nFor the supply of goods which are not prefabricated and whose manufacture is subject to an individual selection or destination by the consumer or which are clearly tailored to the personal needs of the consumer;<br \/>\nFor the delivery of goods which are likely to deteriorate rapidly or whose expiration date would be quickly exceeded;<br \/>\nFor the supply of alcoholic drinks, the price of which has been agreed upon at the time of conclusion of the contract but which may be delivered at the earliest 30 days after conclusion of the contract and the actual value of which depends on fluctuations on the market to which the entrepreneur has no influence;<br \/>\nFor the supply of newspapers, magazines or magazines, with the exception of subscription contracts.<br \/>\nThe right of revocation expires early in the case of contracts<br \/>\nThe supply of sealed goods which, for reasons of health or hygiene, are not suitable for return if their seal has been removed after delivery;<br \/>\nFor the supply of goods which, on account of their nature, have been inseparably mixed with other goods;<br \/>\nFor delivering sound or video recordings or computer software in a sealed package when the seal has been removed after delivery.<\/p>\n","protected":false},"excerpt":{"rendered":"<p>Revocation instruction Verbraucher ist jede nat\u00fcrliche Person, die ein Rechtsgesch\u00e4ft zu Zwecken abschlie\u00dft, die \u00fcberwiegend weder ihrer gewerblichen noch ihrer selbst\u00e4ndigen beruflichen T\u00e4tigkeit zugerechnet werden k\u00f6nnen. Right of revocation You have the right to revoke this contract within a period of fourteen days without giving reasons. The period of revocation shall be fourteen days from [&hellip;]<\/p>\n","protected":false},"author":8,"featured_media":0,"parent":0,"menu_order":0,"comment_status":"closed","ping_status":"closed","template":"","meta":{"_et_pb_use_builder":"","_et_pb_old_content":"","_et_gb_content_width":"","footnotes":""},"class_list":["post-1255","page","type-page","status-publish","hentry"],"yoast_head":"<!-- This site is optimized with the Yoast SEO plugin v26.9 - https:\/\/yoast.com\/product\/yoast-seo-wordpress\/ -->\n<title>Disclaimer - Notfall-ID<\/title>\n<meta name=\"robots\" content=\"noindex, nofollow\" \/>\n<meta property=\"og:locale\" content=\"en_US\" \/>\n<meta property=\"og:type\" content=\"article\" \/>\n<meta property=\"og:title\" content=\"Disclaimer - Notfall-ID\" \/>\n<meta property=\"og:description\" content=\"Revocation instruction Verbraucher ist jede nat\u00fcrliche Person, die ein Rechtsgesch\u00e4ft zu Zwecken abschlie\u00dft, die \u00fcberwiegend weder ihrer gewerblichen noch ihrer selbst\u00e4ndigen beruflichen T\u00e4tigkeit zugerechnet werden k\u00f6nnen. Right of revocation You have the right to revoke this contract within a period of fourteen days without giving reasons. The period of revocation shall be fourteen days from [&hellip;]\" \/>\n<meta property=\"og:url\" content=\"https:\/\/notfall-id.de\/en\/disclaimer\/\" \/>\n<meta property=\"og:site_name\" content=\"Notfall-ID\" \/>\n<meta property=\"article:modified_time\" content=\"2018-03-02T14:34:39+00:00\" \/>\n<meta name=\"twitter:card\" content=\"summary_large_image\" \/>\n<meta name=\"twitter:label1\" content=\"Est. reading time\" \/>\n\t<meta name=\"twitter:data1\" content=\"4 minutes\" \/>\n<script type=\"application\/ld+json\" class=\"yoast-schema-graph\">{\"@context\":\"https:\/\/schema.org\",\"@graph\":[{\"@type\":\"WebPage\",\"@id\":\"https:\/\/notfall-id.de\/en\/disclaimer\/\",\"url\":\"https:\/\/notfall-id.de\/en\/disclaimer\/\",\"name\":\"Disclaimer - Notfall-ID\",\"isPartOf\":{\"@id\":\"https:\/\/notfall-id.de\/#website\"},\"datePublished\":\"2017-05-02T12:31:31+00:00\",\"dateModified\":\"2018-03-02T14:34:39+00:00\",\"breadcrumb\":{\"@id\":\"https:\/\/notfall-id.de\/en\/disclaimer\/#breadcrumb\"},\"inLanguage\":\"en-US\",\"potentialAction\":[{\"@type\":\"ReadAction\",\"target\":[\"https:\/\/notfall-id.de\/en\/disclaimer\/\"]}]},{\"@type\":\"BreadcrumbList\",\"@id\":\"https:\/\/notfall-id.de\/en\/disclaimer\/#breadcrumb\",\"itemListElement\":[{\"@type\":\"ListItem\",\"position\":1,\"name\":\"Startseite\",\"item\":\"https:\/\/notfall-id.de\/en\/\"},{\"@type\":\"ListItem\",\"position\":2,\"name\":\"Disclaimer\"}]},{\"@type\":\"WebSite\",\"@id\":\"https:\/\/notfall-id.de\/#website\",\"url\":\"https:\/\/notfall-id.de\/\",\"name\":\"Notfall-ID\",\"description\":\"\",\"potentialAction\":[{\"@type\":\"SearchAction\",\"target\":{\"@type\":\"EntryPoint\",\"urlTemplate\":\"https:\/\/notfall-id.de\/?s={search_term_string}\"},\"query-input\":{\"@type\":\"PropertyValueSpecification\",\"valueRequired\":true,\"valueName\":\"search_term_string\"}}],\"inLanguage\":\"en-US\"}]}<\/script>\n<!-- \/ Yoast SEO plugin. -->","yoast_head_json":{"title":"Disclaimer - Notfall-ID","robots":{"index":"noindex","follow":"nofollow"},"og_locale":"en_US","og_type":"article","og_title":"Disclaimer - Notfall-ID","og_description":"Revocation instruction Verbraucher ist jede nat\u00fcrliche Person, die ein Rechtsgesch\u00e4ft zu Zwecken abschlie\u00dft, die \u00fcberwiegend weder ihrer gewerblichen noch ihrer selbst\u00e4ndigen beruflichen T\u00e4tigkeit zugerechnet werden k\u00f6nnen. Right of revocation You have the right to revoke this contract within a period of fourteen days without giving reasons. The period of revocation shall be fourteen days from [&hellip;]","og_url":"https:\/\/notfall-id.de\/en\/disclaimer\/","og_site_name":"Notfall-ID","article_modified_time":"2018-03-02T14:34:39+00:00","twitter_card":"summary_large_image","twitter_misc":{"Est. reading time":"4 minutes"},"schema":{"@context":"https:\/\/schema.org","@graph":[{"@type":"WebPage","@id":"https:\/\/notfall-id.de\/en\/disclaimer\/","url":"https:\/\/notfall-id.de\/en\/disclaimer\/","name":"Disclaimer - Notfall-ID","isPartOf":{"@id":"https:\/\/notfall-id.de\/#website"},"datePublished":"2017-05-02T12:31:31+00:00","dateModified":"2018-03-02T14:34:39+00:00","breadcrumb":{"@id":"https:\/\/notfall-id.de\/en\/disclaimer\/#breadcrumb"},"inLanguage":"en-US","potentialAction":[{"@type":"ReadAction","target":["https:\/\/notfall-id.de\/en\/disclaimer\/"]}]},{"@type":"BreadcrumbList","@id":"https:\/\/notfall-id.de\/en\/disclaimer\/#breadcrumb","itemListElement":[{"@type":"ListItem","position":1,"name":"Startseite","item":"https:\/\/notfall-id.de\/en\/"},{"@type":"ListItem","position":2,"name":"Disclaimer"}]},{"@type":"WebSite","@id":"https:\/\/notfall-id.de\/#website","url":"https:\/\/notfall-id.de\/","name":"Notfall-ID","description":"","potentialAction":[{"@type":"SearchAction","target":{"@type":"EntryPoint","urlTemplate":"https:\/\/notfall-id.de\/?s={search_term_string}"},"query-input":{"@type":"PropertyValueSpecification","valueRequired":true,"valueName":"search_term_string"}}],"inLanguage":"en-US"}]}},"_links":{"self":[{"href":"https:\/\/notfall-id.de\/en\/wp-json\/wp\/v2\/pages\/1255","targetHints":{"allow":["GET"]}}],"collection":[{"href":"https:\/\/notfall-id.de\/en\/wp-json\/wp\/v2\/pages"}],"about":[{"href":"https:\/\/notfall-id.de\/en\/wp-json\/wp\/v2\/types\/page"}],"author":[{"embeddable":true,"href":"https:\/\/notfall-id.de\/en\/wp-json\/wp\/v2\/users\/8"}],"replies":[{"embeddable":true,"href":"https:\/\/notfall-id.de\/en\/wp-json\/wp\/v2\/comments?post=1255"}],"version-history":[{"count":11,"href":"https:\/\/notfall-id.de\/en\/wp-json\/wp\/v2\/pages\/1255\/revisions"}],"predecessor-version":[{"id":2615,"href":"https:\/\/notfall-id.de\/en\/wp-json\/wp\/v2\/pages\/1255\/revisions\/2615"}],"wp:attachment":[{"href":"https:\/\/notfall-id.de\/en\/wp-json\/wp\/v2\/media?parent=1255"}],"curies":[{"name":"wp","href":"https:\/\/api.w.org\/{rel}","templated":true}]}}